{"id":121,"date":"2012-01-27T12:48:39","date_gmt":"2012-01-27T12:48:39","guid":{"rendered":"http:\/\/www.aerian.fr\/?page_id=121"},"modified":"2018-02-17T17:34:25","modified_gmt":"2018-02-17T16:34:25","slug":"if4-alg1","status":"publish","type":"page","link":"https:\/\/www.aerian.fr\/en\/esiee\/i4\/if4-alg1\/","title":{"rendered":"IF4-ALG1"},"content":{"rendered":"<p>Algorithmic and image processing<\/p>\n<h2>Introduction<\/h2>\n<p>Fourth year unit in Computer Science at ESIEE Paris about Greedy algorithms, Divide and conquer algorithms and dynamic programming. This course extend also to some lessons about Mathematical morphology and topology that lead to a practical on image processing. Unit taught by Gilles Bertrand. All the materials are dispensed in French.<\/p>\n<p><a href=\"http:\/\/www.aerian.fr\/cours\/Esiee\/I4\/ALG1\/if4-alg1.html\">Unit summarize<\/a><\/p>\n<h2>Courses<\/h2>\n<p><a href=\"http:\/\/www.aerian.fr\/cours\/Esiee\/I4\/ALG1\/INFO-4xx-ALG1-resume%20de%20cours.pdf\">R\u00e9sum\u00e9 de cours<\/a><\/p>\n<h2>Practical<\/h2>\n<p><a href=\"http:\/\/www.esiee.fr\/~coupriem\/pinktutorial\/index.html\">Page de r\u00e9f\u00e9rence des TPs<\/a><\/p>\n<p><a href=\"http:\/\/www.aerian.fr\/cours\/Esiee\/I4\/ALG1\/TP2.zip\">Sources et Ressources TP2<\/a><\/p>\n<h2>Subjects<\/h2>\n<p><a href=\"http:\/\/www.aerian.fr\/cours\/Esiee\/I4\/ALG1\/INFO-4xx-ALGO1-final2002.zip\">Sujet 2002<\/a><\/p>\n<p><a href=\"http:\/\/www.aerian.fr\/cours\/Esiee\/I4\/ALG1\/IF4-ALG1_sujet_09.01.2009.pdf\">Sujet de 2009<\/a><\/p>\n<h2>Resources<\/h2>\n<p><a href=\"http:\/\/www.aerian.fr\/cours\/Esiee\/I4\/ALG1\/in302-cours.pdf\">Cours de base sur les graphes<\/a><\/p>\n<h2>Sources<\/h2>\n<p>All the materials posted on this website belongs to the credit of their respective authors.<\/p>\n<p><a href=\"http:\/\/www.aerian.fr\/cours\/Esiee\/I4\/ALG1\/if4-alg1.html\">R\u00e9f\u00e9rence de l&#8217;unit\u00e9<\/a><\/p>\n<p><a href=\"http:\/\/www.esiee.fr\/~coupriem\/pinktutorial\/index.html\">Pink tutorials<\/a><\/p>","protected":false},"excerpt":{"rendered":"<p>Algorithmic and image processing Introduction Fourth year unit in Computer Science at ESIEE Paris about Greedy algorithms, Divide and conquer algorithms and [&hellip;]<\/p>\n","protected":false},"author":1,"featured_media":0,"parent":35,"menu_order":0,"comment_status":"closed","ping_status":"open","template":"","meta":{"ngg_post_thumbnail":0,"footnotes":""},"class_list":["post-121","page","type-page","status-publish","hentry"],"yoast_head":"<!-- This site is optimized with the Yoast SEO plugin v25.4 - https:\/\/yoast.com\/wordpress\/plugins\/seo\/ -->\n<title>IF4-ALG1 - Aerian.fr<\/title>\n<meta name=\"robots\" content=\"index, follow, max-snippet:-1, max-image-preview:large, max-video-preview:-1\" \/>\n<link rel=\"canonical\" href=\"https:\/\/www.aerian.fr\/en\/esiee\/i4\/if4-alg1\/\" \/>\n<meta property=\"og:locale\" content=\"en_US\" \/>\n<meta property=\"og:type\" content=\"article\" \/>\n<meta property=\"og:title\" content=\"IF4-ALG1 - Aerian.fr\" \/>\n<meta property=\"og:description\" content=\"Algorithmic and image processing Introduction Fourth year unit in Computer Science at ESIEE Paris about Greedy algorithms, Divide and conquer algorithms and [&hellip;]\" \/>\n<meta property=\"og:url\" content=\"https:\/\/www.aerian.fr\/en\/esiee\/i4\/if4-alg1\/\" \/>\n<meta property=\"og:site_name\" content=\"Aerian.fr\" \/>\n<meta property=\"article:modified_time\" content=\"2018-02-17T16:34:25+00:00\" \/>\n<meta name=\"twitter:card\" content=\"summary_large_image\" \/>\n<meta name=\"twitter:site\" content=\"@LinceAerian\" \/>\n<meta name=\"twitter:label1\" content=\"Est. reading time\" \/>\n\t<meta name=\"twitter:data1\" content=\"1 minute\" \/>\n<script type=\"application\/ld+json\" class=\"yoast-schema-graph\">{\"@context\":\"https:\/\/schema.org\",\"@graph\":[{\"@type\":\"WebPage\",\"@id\":\"https:\/\/www.aerian.fr\/en\/esiee\/i4\/if4-alg1\/\",\"url\":\"https:\/\/www.aerian.fr\/en\/esiee\/i4\/if4-alg1\/\",\"name\":\"IF4-ALG1 - Aerian.fr\",\"isPartOf\":{\"@id\":\"https:\/\/www.aerian.fr\/en\/#website\"},\"datePublished\":\"2012-01-27T12:48:39+00:00\",\"dateModified\":\"2018-02-17T16:34:25+00:00\",\"breadcrumb\":{\"@id\":\"https:\/\/www.aerian.fr\/en\/esiee\/i4\/if4-alg1\/#breadcrumb\"},\"inLanguage\":\"en-US\",\"potentialAction\":[{\"@type\":\"ReadAction\",\"target\":[[\"https:\/\/www.aerian.fr\/en\/esiee\/i4\/if4-alg1\/\"]]}]},{\"@type\":\"BreadcrumbList\",\"@id\":\"https:\/\/www.aerian.fr\/en\/esiee\/i4\/if4-alg1\/#breadcrumb\",\"itemListElement\":[{\"@type\":\"ListItem\",\"position\":1,\"name\":\"Home\",\"item\":\"https:\/\/www.aerian.fr\/en\/\"},{\"@type\":\"ListItem\",\"position\":2,\"name\":\"ESIEE\",\"item\":\"https:\/\/www.aerian.fr\/en\/esiee\/\"},{\"@type\":\"ListItem\",\"position\":3,\"name\":\"4\u00e8me Ann\u00e9e\",\"item\":\"https:\/\/www.aerian.fr\/en\/esiee\/i4\/\"},{\"@type\":\"ListItem\",\"position\":4,\"name\":\"IF4-ALG1\"}]},{\"@type\":\"WebSite\",\"@id\":\"https:\/\/www.aerian.fr\/en\/#website\",\"url\":\"https:\/\/www.aerian.fr\/en\/\",\"name\":\"Aerian.fr\",\"description\":\"Welcome to Aerian.fr\",\"publisher\":{\"@id\":\"https:\/\/www.aerian.fr\/en\/#organization\"},\"potentialAction\":[{\"@type\":\"SearchAction\",\"target\":{\"@type\":\"EntryPoint\",\"urlTemplate\":\"https:\/\/www.aerian.fr\/en\/?s={search_term_string}\"},\"query-input\":{\"@type\":\"PropertyValueSpecification\",\"valueRequired\":true,\"valueName\":\"search_term_string\"}}],\"inLanguage\":\"en-US\"},{\"@type\":\"Organization\",\"@id\":\"https:\/\/www.aerian.fr\/en\/#organization\",\"name\":\"Aerian.fr\",\"url\":\"https:\/\/www.aerian.fr\/en\/\",\"logo\":{\"@type\":\"ImageObject\",\"inLanguage\":\"en-US\",\"@id\":\"https:\/\/www.aerian.fr\/en\/#\/schema\/logo\/image\/\",\"url\":\"https:\/\/www.aerian.fr\/wp-content\/uploads\/2012\/01\/logo.png\",\"contentUrl\":\"https:\/\/www.aerian.fr\/wp-content\/uploads\/2012\/01\/logo.png\",\"width\":667,\"height\":522,\"caption\":\"Aerian.fr\"},\"image\":{\"@id\":\"https:\/\/www.aerian.fr\/en\/#\/schema\/logo\/image\/\"},\"sameAs\":[\"https:\/\/x.com\/LinceAerian\",\"https:\/\/www.linkedin.com\/in\/marleixmathieu\"]}]}<\/script>\n<!-- \/ Yoast SEO plugin. -->","yoast_head_json":{"title":"IF4-ALG1 - Aerian.fr","robots":{"index":"index","follow":"follow","max-snippet":"max-snippet:-1","max-image-preview":"max-image-preview:large","max-video-preview":"max-video-preview:-1"},"canonical":"https:\/\/www.aerian.fr\/en\/esiee\/i4\/if4-alg1\/","og_locale":"en_US","og_type":"article","og_title":"IF4-ALG1 - Aerian.fr","og_description":"Algorithmic and image processing Introduction Fourth year unit in Computer Science at ESIEE Paris about Greedy algorithms, Divide and conquer algorithms and [&hellip;]","og_url":"https:\/\/www.aerian.fr\/en\/esiee\/i4\/if4-alg1\/","og_site_name":"Aerian.fr","article_modified_time":"2018-02-17T16:34:25+00:00","twitter_card":"summary_large_image","twitter_site":"@LinceAerian","twitter_misc":{"Est. reading time":"1 minute"},"schema":{"@context":"https:\/\/schema.org","@graph":[{"@type":"WebPage","@id":"https:\/\/www.aerian.fr\/en\/esiee\/i4\/if4-alg1\/","url":"https:\/\/www.aerian.fr\/en\/esiee\/i4\/if4-alg1\/","name":"IF4-ALG1 - Aerian.fr","isPartOf":{"@id":"https:\/\/www.aerian.fr\/en\/#website"},"datePublished":"2012-01-27T12:48:39+00:00","dateModified":"2018-02-17T16:34:25+00:00","breadcrumb":{"@id":"https:\/\/www.aerian.fr\/en\/esiee\/i4\/if4-alg1\/#breadcrumb"},"inLanguage":"en-US","potentialAction":[{"@type":"ReadAction","target":[["https:\/\/www.aerian.fr\/en\/esiee\/i4\/if4-alg1\/"]]}]},{"@type":"BreadcrumbList","@id":"https:\/\/www.aerian.fr\/en\/esiee\/i4\/if4-alg1\/#breadcrumb","itemListElement":[{"@type":"ListItem","position":1,"name":"Home","item":"https:\/\/www.aerian.fr\/en\/"},{"@type":"ListItem","position":2,"name":"ESIEE","item":"https:\/\/www.aerian.fr\/en\/esiee\/"},{"@type":"ListItem","position":3,"name":"4\u00e8me Ann\u00e9e","item":"https:\/\/www.aerian.fr\/en\/esiee\/i4\/"},{"@type":"ListItem","position":4,"name":"IF4-ALG1"}]},{"@type":"WebSite","@id":"https:\/\/www.aerian.fr\/en\/#website","url":"https:\/\/www.aerian.fr\/en\/","name":"Aerian.fr","description":"Welcome to Aerian.fr","publisher":{"@id":"https:\/\/www.aerian.fr\/en\/#organization"},"potentialAction":[{"@type":"SearchAction","target":{"@type":"EntryPoint","urlTemplate":"https:\/\/www.aerian.fr\/en\/?s={search_term_string}"},"query-input":{"@type":"PropertyValueSpecification","valueRequired":true,"valueName":"search_term_string"}}],"inLanguage":"en-US"},{"@type":"Organization","@id":"https:\/\/www.aerian.fr\/en\/#organization","name":"Aerian.fr","url":"https:\/\/www.aerian.fr\/en\/","logo":{"@type":"ImageObject","inLanguage":"en-US","@id":"https:\/\/www.aerian.fr\/en\/#\/schema\/logo\/image\/","url":"https:\/\/www.aerian.fr\/wp-content\/uploads\/2012\/01\/logo.png","contentUrl":"https:\/\/www.aerian.fr\/wp-content\/uploads\/2012\/01\/logo.png","width":667,"height":522,"caption":"Aerian.fr"},"image":{"@id":"https:\/\/www.aerian.fr\/en\/#\/schema\/logo\/image\/"},"sameAs":["https:\/\/x.com\/LinceAerian","https:\/\/www.linkedin.com\/in\/marleixmathieu"]}]}},"_links":{"self":[{"href":"https:\/\/www.aerian.fr\/en\/wp-json\/wp\/v2\/pages\/121","targetHints":{"allow":["GET"]}}],"collection":[{"href":"https:\/\/www.aerian.fr\/en\/wp-json\/wp\/v2\/pages"}],"about":[{"href":"https:\/\/www.aerian.fr\/en\/wp-json\/wp\/v2\/types\/page"}],"author":[{"embeddable":true,"href":"https:\/\/www.aerian.fr\/en\/wp-json\/wp\/v2\/users\/1"}],"replies":[{"embeddable":true,"href":"https:\/\/www.aerian.fr\/en\/wp-json\/wp\/v2\/comments?post=121"}],"version-history":[{"count":8,"href":"https:\/\/www.aerian.fr\/en\/wp-json\/wp\/v2\/pages\/121\/revisions"}],"predecessor-version":[{"id":2080,"href":"https:\/\/www.aerian.fr\/en\/wp-json\/wp\/v2\/pages\/121\/revisions\/2080"}],"up":[{"embeddable":true,"href":"https:\/\/www.aerian.fr\/en\/wp-json\/wp\/v2\/pages\/35"}],"wp:attachment":[{"href":"https:\/\/www.aerian.fr\/en\/wp-json\/wp\/v2\/media?parent=121"}],"curies":[{"name":"wp","href":"https:\/\/api.w.org\/{rel}","templated":true}]}}