{"id":833,"date":"2012-09-14T13:44:24","date_gmt":"2012-09-14T13:44:24","guid":{"rendered":"http:\/\/www.aerian.fr\/?page_id=833"},"modified":"2020-04-05T11:09:25","modified_gmt":"2020-04-05T10:09:25","slug":"if5-par1","status":"publish","type":"page","link":"https:\/\/www.aerian.fr\/en\/esiee\/i5\/if5-par1\/","title":{"rendered":"IF5-PAR1"},"content":{"rendered":"<p class=\"qtranxs-available-languages-message qtranxs-available-languages-message-en\">Sorry, this entry is only available in <a href=\"https:\/\/www.aerian.fr\/fr\/wp-json\/wp\/v2\/pages\/833\" class=\"qtranxs-available-language-link qtranxs-available-language-link-fr\" title=\"Fran\u00e7ais\">Fran\u00e7ais<\/a>.<\/p><p>Parall\u00e9lisation des calculs sur des serveurs multi-GPUs: R\u00e9solution de probl\u00e8mes inverses.<\/p>\n<h2>Introduction<\/h2>\n<p>Unit\u00e9 de 5\u00e8me ann\u00e9e en majeur informatique \u00e0 ESIEE Paris, cette unit\u00e9 traitant de la programmation sur des syst\u00e8mes NVidia parall\u00e9lis\u00e9s montre aux \u00e9tudiants comment exploiter ce type programmation pour obtenir de meilleurs temps d&#8217;ex\u00e9cution. Ce cours est dispens\u00e9 par Nicolas Gac et supervis\u00e9 par Thierry GrandPierre, Laurent Perroton et Mohamed Akil.<\/p>\n<p><a href=\"http:\/\/www.aerian.fr\/cours\/Esiee\/I5\/IF-PARI\/IF5-PARUnitResume.pdf\">R\u00e9sum\u00e9 de l&#8217;unit\u00e9<\/a><\/p>\n<h2>Cours<\/h2>\n<p><a href=\"http:\/\/www.aerian.fr\/cours\/Esiee\/I5\/IF-PARI\/IF5-PARI-Cours1_GPU_GAC_ESIEE_2012.pdf\">Support de cours<\/a><\/p>\n<h2>TPs<\/h2>\n<p><a href=\"http:\/\/www.aerian.fr\/cours\/Esiee\/I5\/IF-PARI\/TP\/TP1\/IF5-PARI-sujet_TP1_GPU.pdf\">\u00c9nonc\u00e9 du TP1<\/a><br \/>\n<a href=\"http:\/\/www.aerian.fr\/cours\/Esiee\/I5\/IF-PARI\/TP\/TP1\/IF5-PARI-TP1_GPU.zip\">Sources du TP1<\/a><br \/>\n<a href=\"http:\/\/www.aerian.fr\/cours\/Esiee\/I5\/IF-PARI\/TP\/TP1\/TP1_GPU_ESIEE_Corrige.zip\">Corrig\u00e9 TP1 Cuda<\/a><br \/>\n<a href=\"http:\/\/www.aerian.fr\/cours\/Esiee\/I5\/IF-PARI\/TP\/TP1\/TP1_GPU_ESIEE_jacquemt_marleixm.zip\">TP1 code rendu<\/a><br \/>\n<a href=\"http:\/\/www.aerian.fr\/cours\/Esiee\/I5\/IF-PARI\/TP\/TP2_CUDA\/TP2_CUDA_ESIEE_jacqumet_marleixm.zip\">TP2 Cuda (Source, sujet, corrig\u00e9)<\/a><br \/>\n<a href=\"http:\/\/www.aerian.fr\/cours\/Esiee\/I5\/IF-PARI\/TP\/TP_CELL_ESIEE\/Sujet_TP_CELL.pdf\">Sujet TP Cell<\/a><br \/>\n<a href=\"http:\/\/www.aerian.fr\/cours\/Esiee\/I5\/IF-PARI\/TP\/TP_CELL_ESIEE\/I5_par1_cell_Jacquemin-Marleix.pdf\">Rapport TP Cell<\/a><br \/>\n<a href=\"http:\/\/www.aerian.fr\/cours\/Esiee\/I5\/IF-PARI\/TP\/TP_OPENMP_ESIEE\/TP-IF5-PAR-TG-2012-2013.pdf\">Sujet OpenMP<\/a><br \/>\n<a href=\"http:\/\/www.aerian.fr\/cours\/Esiee\/I5\/IF-PARI\/TP\/TP_OPENMP_ESIEE\/jacquemin-marleix-RapportTP1OpenMP.pdf\">Rapport OpenMP<\/a><\/p>\n<h2>Sources<\/h2>\n<p>Tous les supports li\u00e9s sont aux cr\u00e9dits de leurs auteurs respectifs.<br \/>\n<a href=\"http:\/\/www.esiee.fr\/~grandpit\">Page de Thierry GrandPierre<\/a><br \/>\n<a href=\"http:\/\/www.l2s.supelec.fr\/perso\/gac\" class=\"broken_link\">Page de Nicolas Gac<\/a><br \/>\n<a href=\"http:\/\/www.esiee.fr\/~perrotol\/\">Page de Laurent Perroton<\/a><br \/>\nPage de Mohamed Akil<\/p>","protected":false},"excerpt":{"rendered":"<p>Sorry, this entry is only available in Fran\u00e7ais.Parall\u00e9lisation des calculs sur des serveurs multi-GPUs: R\u00e9solution de probl\u00e8mes inverses. Introduction Unit\u00e9 de 5\u00e8me [&hellip;]<\/p>\n","protected":false},"author":1,"featured_media":0,"parent":827,"menu_order":0,"comment_status":"closed","ping_status":"open","template":"","meta":{"ngg_post_thumbnail":0,"footnotes":""},"class_list":["post-833","page","type-page","status-publish","hentry"],"yoast_head":"<!-- This site is optimized with the Yoast SEO plugin v25.4 - https:\/\/yoast.com\/wordpress\/plugins\/seo\/ -->\n<title>IF5-PAR1 - Aerian.fr<\/title>\n<meta name=\"robots\" content=\"index, follow, max-snippet:-1, max-image-preview:large, max-video-preview:-1\" \/>\n<link rel=\"canonical\" href=\"https:\/\/www.aerian.fr\/en\/esiee\/i5\/if5-par1\/\" \/>\n<meta property=\"og:locale\" content=\"en_US\" \/>\n<meta property=\"og:type\" content=\"article\" \/>\n<meta property=\"og:title\" content=\"IF5-PAR1 - Aerian.fr\" \/>\n<meta property=\"og:description\" content=\"Sorry, this entry is only available in Fran\u00e7ais.Parall\u00e9lisation des calculs sur des serveurs multi-GPUs: R\u00e9solution de probl\u00e8mes inverses. Introduction Unit\u00e9 de 5\u00e8me [&hellip;]\" \/>\n<meta property=\"og:url\" content=\"https:\/\/www.aerian.fr\/en\/esiee\/i5\/if5-par1\/\" \/>\n<meta property=\"og:site_name\" content=\"Aerian.fr\" \/>\n<meta property=\"article:modified_time\" content=\"2020-04-05T10:09:25+00:00\" \/>\n<meta name=\"twitter:card\" content=\"summary_large_image\" \/>\n<meta name=\"twitter:site\" content=\"@LinceAerian\" \/>\n<meta name=\"twitter:label1\" content=\"Est. reading time\" \/>\n\t<meta name=\"twitter:data1\" content=\"1 minute\" \/>\n<script type=\"application\/ld+json\" class=\"yoast-schema-graph\">{\"@context\":\"https:\/\/schema.org\",\"@graph\":[{\"@type\":\"WebPage\",\"@id\":\"https:\/\/www.aerian.fr\/en\/esiee\/i5\/if5-par1\/\",\"url\":\"https:\/\/www.aerian.fr\/en\/esiee\/i5\/if5-par1\/\",\"name\":\"IF5-PAR1 - Aerian.fr\",\"isPartOf\":{\"@id\":\"https:\/\/www.aerian.fr\/en\/#website\"},\"datePublished\":\"2012-09-14T13:44:24+00:00\",\"dateModified\":\"2020-04-05T10:09:25+00:00\",\"breadcrumb\":{\"@id\":\"https:\/\/www.aerian.fr\/en\/esiee\/i5\/if5-par1\/#breadcrumb\"},\"inLanguage\":\"en-US\",\"potentialAction\":[{\"@type\":\"ReadAction\",\"target\":[[\"https:\/\/www.aerian.fr\/en\/esiee\/i5\/if5-par1\/\"]]}]},{\"@type\":\"BreadcrumbList\",\"@id\":\"https:\/\/www.aerian.fr\/en\/esiee\/i5\/if5-par1\/#breadcrumb\",\"itemListElement\":[{\"@type\":\"ListItem\",\"position\":1,\"name\":\"Home\",\"item\":\"https:\/\/www.aerian.fr\/en\/\"},{\"@type\":\"ListItem\",\"position\":2,\"name\":\"ESIEE\",\"item\":\"https:\/\/www.aerian.fr\/en\/esiee\/\"},{\"@type\":\"ListItem\",\"position\":3,\"name\":\"5\u00e8me Ann\u00e9e\",\"item\":\"https:\/\/www.aerian.fr\/en\/esiee\/i5\/\"},{\"@type\":\"ListItem\",\"position\":4,\"name\":\"IF5-PAR1\"}]},{\"@type\":\"WebSite\",\"@id\":\"https:\/\/www.aerian.fr\/en\/#website\",\"url\":\"https:\/\/www.aerian.fr\/en\/\",\"name\":\"Aerian.fr\",\"description\":\"Welcome to Aerian.fr\",\"publisher\":{\"@id\":\"https:\/\/www.aerian.fr\/en\/#organization\"},\"potentialAction\":[{\"@type\":\"SearchAction\",\"target\":{\"@type\":\"EntryPoint\",\"urlTemplate\":\"https:\/\/www.aerian.fr\/en\/?s={search_term_string}\"},\"query-input\":{\"@type\":\"PropertyValueSpecification\",\"valueRequired\":true,\"valueName\":\"search_term_string\"}}],\"inLanguage\":\"en-US\"},{\"@type\":\"Organization\",\"@id\":\"https:\/\/www.aerian.fr\/en\/#organization\",\"name\":\"Aerian.fr\",\"url\":\"https:\/\/www.aerian.fr\/en\/\",\"logo\":{\"@type\":\"ImageObject\",\"inLanguage\":\"en-US\",\"@id\":\"https:\/\/www.aerian.fr\/en\/#\/schema\/logo\/image\/\",\"url\":\"https:\/\/www.aerian.fr\/wp-content\/uploads\/2012\/01\/logo.png\",\"contentUrl\":\"https:\/\/www.aerian.fr\/wp-content\/uploads\/2012\/01\/logo.png\",\"width\":667,\"height\":522,\"caption\":\"Aerian.fr\"},\"image\":{\"@id\":\"https:\/\/www.aerian.fr\/en\/#\/schema\/logo\/image\/\"},\"sameAs\":[\"https:\/\/x.com\/LinceAerian\",\"https:\/\/www.linkedin.com\/in\/marleixmathieu\"]}]}<\/script>\n<!-- \/ Yoast SEO plugin. -->","yoast_head_json":{"title":"IF5-PAR1 - Aerian.fr","robots":{"index":"index","follow":"follow","max-snippet":"max-snippet:-1","max-image-preview":"max-image-preview:large","max-video-preview":"max-video-preview:-1"},"canonical":"https:\/\/www.aerian.fr\/en\/esiee\/i5\/if5-par1\/","og_locale":"en_US","og_type":"article","og_title":"IF5-PAR1 - Aerian.fr","og_description":"Sorry, this entry is only available in Fran\u00e7ais.Parall\u00e9lisation des calculs sur des serveurs multi-GPUs: R\u00e9solution de probl\u00e8mes inverses. Introduction Unit\u00e9 de 5\u00e8me [&hellip;]","og_url":"https:\/\/www.aerian.fr\/en\/esiee\/i5\/if5-par1\/","og_site_name":"Aerian.fr","article_modified_time":"2020-04-05T10:09:25+00:00","twitter_card":"summary_large_image","twitter_site":"@LinceAerian","twitter_misc":{"Est. reading time":"1 minute"},"schema":{"@context":"https:\/\/schema.org","@graph":[{"@type":"WebPage","@id":"https:\/\/www.aerian.fr\/en\/esiee\/i5\/if5-par1\/","url":"https:\/\/www.aerian.fr\/en\/esiee\/i5\/if5-par1\/","name":"IF5-PAR1 - Aerian.fr","isPartOf":{"@id":"https:\/\/www.aerian.fr\/en\/#website"},"datePublished":"2012-09-14T13:44:24+00:00","dateModified":"2020-04-05T10:09:25+00:00","breadcrumb":{"@id":"https:\/\/www.aerian.fr\/en\/esiee\/i5\/if5-par1\/#breadcrumb"},"inLanguage":"en-US","potentialAction":[{"@type":"ReadAction","target":[["https:\/\/www.aerian.fr\/en\/esiee\/i5\/if5-par1\/"]]}]},{"@type":"BreadcrumbList","@id":"https:\/\/www.aerian.fr\/en\/esiee\/i5\/if5-par1\/#breadcrumb","itemListElement":[{"@type":"ListItem","position":1,"name":"Home","item":"https:\/\/www.aerian.fr\/en\/"},{"@type":"ListItem","position":2,"name":"ESIEE","item":"https:\/\/www.aerian.fr\/en\/esiee\/"},{"@type":"ListItem","position":3,"name":"5\u00e8me Ann\u00e9e","item":"https:\/\/www.aerian.fr\/en\/esiee\/i5\/"},{"@type":"ListItem","position":4,"name":"IF5-PAR1"}]},{"@type":"WebSite","@id":"https:\/\/www.aerian.fr\/en\/#website","url":"https:\/\/www.aerian.fr\/en\/","name":"Aerian.fr","description":"Welcome to Aerian.fr","publisher":{"@id":"https:\/\/www.aerian.fr\/en\/#organization"},"potentialAction":[{"@type":"SearchAction","target":{"@type":"EntryPoint","urlTemplate":"https:\/\/www.aerian.fr\/en\/?s={search_term_string}"},"query-input":{"@type":"PropertyValueSpecification","valueRequired":true,"valueName":"search_term_string"}}],"inLanguage":"en-US"},{"@type":"Organization","@id":"https:\/\/www.aerian.fr\/en\/#organization","name":"Aerian.fr","url":"https:\/\/www.aerian.fr\/en\/","logo":{"@type":"ImageObject","inLanguage":"en-US","@id":"https:\/\/www.aerian.fr\/en\/#\/schema\/logo\/image\/","url":"https:\/\/www.aerian.fr\/wp-content\/uploads\/2012\/01\/logo.png","contentUrl":"https:\/\/www.aerian.fr\/wp-content\/uploads\/2012\/01\/logo.png","width":667,"height":522,"caption":"Aerian.fr"},"image":{"@id":"https:\/\/www.aerian.fr\/en\/#\/schema\/logo\/image\/"},"sameAs":["https:\/\/x.com\/LinceAerian","https:\/\/www.linkedin.com\/in\/marleixmathieu"]}]}},"_links":{"self":[{"href":"https:\/\/www.aerian.fr\/en\/wp-json\/wp\/v2\/pages\/833","targetHints":{"allow":["GET"]}}],"collection":[{"href":"https:\/\/www.aerian.fr\/en\/wp-json\/wp\/v2\/pages"}],"about":[{"href":"https:\/\/www.aerian.fr\/en\/wp-json\/wp\/v2\/types\/page"}],"author":[{"embeddable":true,"href":"https:\/\/www.aerian.fr\/en\/wp-json\/wp\/v2\/users\/1"}],"replies":[{"embeddable":true,"href":"https:\/\/www.aerian.fr\/en\/wp-json\/wp\/v2\/comments?post=833"}],"version-history":[{"count":8,"href":"https:\/\/www.aerian.fr\/en\/wp-json\/wp\/v2\/pages\/833\/revisions"}],"predecessor-version":[{"id":2857,"href":"https:\/\/www.aerian.fr\/en\/wp-json\/wp\/v2\/pages\/833\/revisions\/2857"}],"up":[{"embeddable":true,"href":"https:\/\/www.aerian.fr\/en\/wp-json\/wp\/v2\/pages\/827"}],"wp:attachment":[{"href":"https:\/\/www.aerian.fr\/en\/wp-json\/wp\/v2\/media?parent=833"}],"curies":[{"name":"wp","href":"https:\/\/api.w.org\/{rel}","templated":true}]}}