{"id":863,"date":"2012-10-28T19:55:39","date_gmt":"2012-10-28T18:55:39","guid":{"rendered":"http:\/\/www.aerian.fr\/?page_id=863"},"modified":"2018-02-17T17:51:25","modified_gmt":"2018-02-17T16:51:25","slug":"if5-jee","status":"publish","type":"page","link":"https:\/\/www.aerian.fr\/en\/esiee\/i5\/if5-jee\/","title":{"rendered":"IF5-JEE"},"content":{"rendered":"<p class=\"qtranxs-available-languages-message qtranxs-available-languages-message-en\">Sorry, this entry is only available in <a href=\"https:\/\/www.aerian.fr\/fr\/wp-json\/wp\/v2\/pages\/863\" class=\"qtranxs-available-language-link qtranxs-available-language-link-fr\" title=\"Fran\u00e7ais\">Fran\u00e7ais<\/a>.<\/p><p><\/p>\n<h2>Introduction<\/h2>\n<p>Unit\u00e9 de 5\u00e8me ann\u00e9e en majeur informatique \u00e0 ESIEE Paris, cette unit\u00e9 enseigne les bases de la programmation Java en entreprise \u00e0 l&#8217;aide de l&#8217;IME Netbeans. Au sein de cette unit\u00e9 sont trait\u00e9s la programmation de JSP, Servlet et utilisation du framework Struts ainsi que les connexions \u00e0 des bases de donn\u00e9es. Ce cours, supervis\u00e9 par Denis Bureau, est dispens\u00e9 par Ch\u00e9rif RABHI et Ariane SHAHRDAR TEHRANI travaillant chez ATOS.<\/p>\n<h2>Cours<\/h2>\n<p><a href=\"http:\/\/www.aerian.fr\/cours\/Esiee\/I5\/JEE\/cours1_Plateforme-J2EE_Servlet.pdf\">Introduction \u00e0 JEE<\/a><br \/>\n<a href=\"http:\/\/www.aerian.fr\/cours\/Esiee\/I5\/JEE\/cours2_JSP.pdf\">Cours sur les JSP<\/a><br \/>\n<a href=\"http:\/\/www.aerian.fr\/cours\/Esiee\/I5\/JEE\/cours3_MVC.pdf\">Pattern MVC, Framework Struts et BDD<\/a><br \/>\n<a href=\"http:\/\/www.aerian.fr\/cours\/Esiee\/I5\/JEE\/doc-configuration-environnement.pdf\">Configuration de l&#8217;environnement (ESIEE)<\/a><\/p>\n<h2>TPs<\/h2>\n<p><a href=\"http:\/\/www.aerian.fr\/cours\/Esiee\/I5\/JEE\/exercices-Servlet.zip\">Source, sujet et corrig\u00e9 TP1: Servlet<\/a><br \/>\n<a href=\"http:\/\/www.aerian.fr\/cours\/Esiee\/I5\/JEE\/exercice-JSP.zip\">Source<\/a><a href=\"http:\/\/www.aerian.fr\/cours\/Esiee\/I5\/JEE\/exercices-Servlet.zip\">, sujet et corrig\u00e9 <\/a><a href=\"http:\/\/www.aerian.fr\/cours\/Esiee\/I5\/JEE\/exercice-JSP.zip\">TP2: JSP<\/a><br \/>\n<a href=\"http:\/\/www.aerian.fr\/cours\/Esiee\/I5\/JEE\/TP2_JSP_JEE_ESIEE.zip\">Code \u00e9l\u00e8ve JSP<\/a><br \/>\n<a href=\"http:\/\/www.aerian.fr\/cours\/Esiee\/I5\/JEE\/exercice-mvc.zip\">Source, sujet et corrig\u00e9 TP3: Struts &#8211; MVC <\/a><br \/>\n<a href=\"http:\/\/www.aerian.fr\/cours\/Esiee\/I5\/JEE\/TP3_MVC_JEE_ESIEE.zip\">Code \u00e9l\u00e8ve MVC<\/a><\/p>\n<h2>Sources<\/h2>\n<p>Tous les supports li\u00e9s sont aux cr\u00e9dits de leurs auteurs respectifs.<br \/>\n<a href=\"http:\/\/esiee.fr\/~bureaud\">Page de Denis Bureau<\/a><br \/>\nCours d&#8217;Ariane SHAHRDAR TEHRANI<\/p>","protected":false},"excerpt":{"rendered":"<p>Sorry, this entry is only available in Fran\u00e7ais. Introduction Unit\u00e9 de 5\u00e8me ann\u00e9e en majeur informatique \u00e0 ESIEE Paris, cette unit\u00e9 enseigne [&hellip;]<\/p>\n","protected":false},"author":1,"featured_media":0,"parent":827,"menu_order":0,"comment_status":"closed","ping_status":"open","template":"","meta":{"ngg_post_thumbnail":0,"footnotes":""},"class_list":["post-863","page","type-page","status-publish","hentry"],"yoast_head":"<!-- This site is optimized with the Yoast SEO plugin v25.4 - https:\/\/yoast.com\/wordpress\/plugins\/seo\/ -->\n<title>IF5-JEE - Aerian.fr<\/title>\n<meta name=\"robots\" content=\"index, follow, max-snippet:-1, max-image-preview:large, max-video-preview:-1\" \/>\n<link rel=\"canonical\" href=\"https:\/\/www.aerian.fr\/en\/esiee\/i5\/if5-jee\/\" \/>\n<meta property=\"og:locale\" content=\"en_US\" \/>\n<meta property=\"og:type\" content=\"article\" \/>\n<meta property=\"og:title\" content=\"IF5-JEE - Aerian.fr\" \/>\n<meta property=\"og:description\" content=\"Sorry, this entry is only available in Fran\u00e7ais. Introduction Unit\u00e9 de 5\u00e8me ann\u00e9e en majeur informatique \u00e0 ESIEE Paris, cette unit\u00e9 enseigne [&hellip;]\" \/>\n<meta property=\"og:url\" content=\"https:\/\/www.aerian.fr\/en\/esiee\/i5\/if5-jee\/\" \/>\n<meta property=\"og:site_name\" content=\"Aerian.fr\" \/>\n<meta property=\"article:modified_time\" content=\"2018-02-17T16:51:25+00:00\" \/>\n<meta name=\"twitter:card\" content=\"summary_large_image\" \/>\n<meta name=\"twitter:site\" content=\"@LinceAerian\" \/>\n<meta name=\"twitter:label1\" content=\"Est. reading time\" \/>\n\t<meta name=\"twitter:data1\" content=\"1 minute\" \/>\n<script type=\"application\/ld+json\" class=\"yoast-schema-graph\">{\"@context\":\"https:\/\/schema.org\",\"@graph\":[{\"@type\":\"WebPage\",\"@id\":\"https:\/\/www.aerian.fr\/en\/esiee\/i5\/if5-jee\/\",\"url\":\"https:\/\/www.aerian.fr\/en\/esiee\/i5\/if5-jee\/\",\"name\":\"IF5-JEE - Aerian.fr\",\"isPartOf\":{\"@id\":\"https:\/\/www.aerian.fr\/en\/#website\"},\"datePublished\":\"2012-10-28T18:55:39+00:00\",\"dateModified\":\"2018-02-17T16:51:25+00:00\",\"breadcrumb\":{\"@id\":\"https:\/\/www.aerian.fr\/en\/esiee\/i5\/if5-jee\/#breadcrumb\"},\"inLanguage\":\"en-US\",\"potentialAction\":[{\"@type\":\"ReadAction\",\"target\":[[\"https:\/\/www.aerian.fr\/en\/esiee\/i5\/if5-jee\/\"]]}]},{\"@type\":\"BreadcrumbList\",\"@id\":\"https:\/\/www.aerian.fr\/en\/esiee\/i5\/if5-jee\/#breadcrumb\",\"itemListElement\":[{\"@type\":\"ListItem\",\"position\":1,\"name\":\"Home\",\"item\":\"https:\/\/www.aerian.fr\/en\/\"},{\"@type\":\"ListItem\",\"position\":2,\"name\":\"ESIEE\",\"item\":\"https:\/\/www.aerian.fr\/en\/esiee\/\"},{\"@type\":\"ListItem\",\"position\":3,\"name\":\"5\u00e8me Ann\u00e9e\",\"item\":\"https:\/\/www.aerian.fr\/en\/esiee\/i5\/\"},{\"@type\":\"ListItem\",\"position\":4,\"name\":\"IF5-JEE\"}]},{\"@type\":\"WebSite\",\"@id\":\"https:\/\/www.aerian.fr\/en\/#website\",\"url\":\"https:\/\/www.aerian.fr\/en\/\",\"name\":\"Aerian.fr\",\"description\":\"Welcome to Aerian.fr\",\"publisher\":{\"@id\":\"https:\/\/www.aerian.fr\/en\/#organization\"},\"potentialAction\":[{\"@type\":\"SearchAction\",\"target\":{\"@type\":\"EntryPoint\",\"urlTemplate\":\"https:\/\/www.aerian.fr\/en\/?s={search_term_string}\"},\"query-input\":{\"@type\":\"PropertyValueSpecification\",\"valueRequired\":true,\"valueName\":\"search_term_string\"}}],\"inLanguage\":\"en-US\"},{\"@type\":\"Organization\",\"@id\":\"https:\/\/www.aerian.fr\/en\/#organization\",\"name\":\"Aerian.fr\",\"url\":\"https:\/\/www.aerian.fr\/en\/\",\"logo\":{\"@type\":\"ImageObject\",\"inLanguage\":\"en-US\",\"@id\":\"https:\/\/www.aerian.fr\/en\/#\/schema\/logo\/image\/\",\"url\":\"https:\/\/www.aerian.fr\/wp-content\/uploads\/2012\/01\/logo.png\",\"contentUrl\":\"https:\/\/www.aerian.fr\/wp-content\/uploads\/2012\/01\/logo.png\",\"width\":667,\"height\":522,\"caption\":\"Aerian.fr\"},\"image\":{\"@id\":\"https:\/\/www.aerian.fr\/en\/#\/schema\/logo\/image\/\"},\"sameAs\":[\"https:\/\/x.com\/LinceAerian\",\"https:\/\/www.linkedin.com\/in\/marleixmathieu\"]}]}<\/script>\n<!-- \/ Yoast SEO plugin. -->","yoast_head_json":{"title":"IF5-JEE - Aerian.fr","robots":{"index":"index","follow":"follow","max-snippet":"max-snippet:-1","max-image-preview":"max-image-preview:large","max-video-preview":"max-video-preview:-1"},"canonical":"https:\/\/www.aerian.fr\/en\/esiee\/i5\/if5-jee\/","og_locale":"en_US","og_type":"article","og_title":"IF5-JEE - Aerian.fr","og_description":"Sorry, this entry is only available in Fran\u00e7ais. Introduction Unit\u00e9 de 5\u00e8me ann\u00e9e en majeur informatique \u00e0 ESIEE Paris, cette unit\u00e9 enseigne [&hellip;]","og_url":"https:\/\/www.aerian.fr\/en\/esiee\/i5\/if5-jee\/","og_site_name":"Aerian.fr","article_modified_time":"2018-02-17T16:51:25+00:00","twitter_card":"summary_large_image","twitter_site":"@LinceAerian","twitter_misc":{"Est. reading time":"1 minute"},"schema":{"@context":"https:\/\/schema.org","@graph":[{"@type":"WebPage","@id":"https:\/\/www.aerian.fr\/en\/esiee\/i5\/if5-jee\/","url":"https:\/\/www.aerian.fr\/en\/esiee\/i5\/if5-jee\/","name":"IF5-JEE - Aerian.fr","isPartOf":{"@id":"https:\/\/www.aerian.fr\/en\/#website"},"datePublished":"2012-10-28T18:55:39+00:00","dateModified":"2018-02-17T16:51:25+00:00","breadcrumb":{"@id":"https:\/\/www.aerian.fr\/en\/esiee\/i5\/if5-jee\/#breadcrumb"},"inLanguage":"en-US","potentialAction":[{"@type":"ReadAction","target":[["https:\/\/www.aerian.fr\/en\/esiee\/i5\/if5-jee\/"]]}]},{"@type":"BreadcrumbList","@id":"https:\/\/www.aerian.fr\/en\/esiee\/i5\/if5-jee\/#breadcrumb","itemListElement":[{"@type":"ListItem","position":1,"name":"Home","item":"https:\/\/www.aerian.fr\/en\/"},{"@type":"ListItem","position":2,"name":"ESIEE","item":"https:\/\/www.aerian.fr\/en\/esiee\/"},{"@type":"ListItem","position":3,"name":"5\u00e8me Ann\u00e9e","item":"https:\/\/www.aerian.fr\/en\/esiee\/i5\/"},{"@type":"ListItem","position":4,"name":"IF5-JEE"}]},{"@type":"WebSite","@id":"https:\/\/www.aerian.fr\/en\/#website","url":"https:\/\/www.aerian.fr\/en\/","name":"Aerian.fr","description":"Welcome to Aerian.fr","publisher":{"@id":"https:\/\/www.aerian.fr\/en\/#organization"},"potentialAction":[{"@type":"SearchAction","target":{"@type":"EntryPoint","urlTemplate":"https:\/\/www.aerian.fr\/en\/?s={search_term_string}"},"query-input":{"@type":"PropertyValueSpecification","valueRequired":true,"valueName":"search_term_string"}}],"inLanguage":"en-US"},{"@type":"Organization","@id":"https:\/\/www.aerian.fr\/en\/#organization","name":"Aerian.fr","url":"https:\/\/www.aerian.fr\/en\/","logo":{"@type":"ImageObject","inLanguage":"en-US","@id":"https:\/\/www.aerian.fr\/en\/#\/schema\/logo\/image\/","url":"https:\/\/www.aerian.fr\/wp-content\/uploads\/2012\/01\/logo.png","contentUrl":"https:\/\/www.aerian.fr\/wp-content\/uploads\/2012\/01\/logo.png","width":667,"height":522,"caption":"Aerian.fr"},"image":{"@id":"https:\/\/www.aerian.fr\/en\/#\/schema\/logo\/image\/"},"sameAs":["https:\/\/x.com\/LinceAerian","https:\/\/www.linkedin.com\/in\/marleixmathieu"]}]}},"_links":{"self":[{"href":"https:\/\/www.aerian.fr\/en\/wp-json\/wp\/v2\/pages\/863","targetHints":{"allow":["GET"]}}],"collection":[{"href":"https:\/\/www.aerian.fr\/en\/wp-json\/wp\/v2\/pages"}],"about":[{"href":"https:\/\/www.aerian.fr\/en\/wp-json\/wp\/v2\/types\/page"}],"author":[{"embeddable":true,"href":"https:\/\/www.aerian.fr\/en\/wp-json\/wp\/v2\/users\/1"}],"replies":[{"embeddable":true,"href":"https:\/\/www.aerian.fr\/en\/wp-json\/wp\/v2\/comments?post=863"}],"version-history":[{"count":8,"href":"https:\/\/www.aerian.fr\/en\/wp-json\/wp\/v2\/pages\/863\/revisions"}],"predecessor-version":[{"id":2100,"href":"https:\/\/www.aerian.fr\/en\/wp-json\/wp\/v2\/pages\/863\/revisions\/2100"}],"up":[{"embeddable":true,"href":"https:\/\/www.aerian.fr\/en\/wp-json\/wp\/v2\/pages\/827"}],"wp:attachment":[{"href":"https:\/\/www.aerian.fr\/en\/wp-json\/wp\/v2\/media?parent=863"}],"curies":[{"name":"wp","href":"https:\/\/api.w.org\/{rel}","templated":true}]}}